{"id":161,"date":"2022-05-16T21:30:15","date_gmt":"2022-05-16T21:30:15","guid":{"rendered":"https:\/\/littleafrica.lu\/?page_id=161"},"modified":"2023-04-28T21:15:21","modified_gmt":"2023-04-28T21:15:21","slug":"a-propos-de-nous","status":"publish","type":"page","link":"https:\/\/littleafrica.lu\/?page_id=161","title":{"rendered":"\u00c0 propos de nous"},"content":{"rendered":"\n<p><strong>PR\u00c9SENTATION DE L\u2019ASSOCIATION<\/strong><br>L\u2019association <strong>Little Africa<\/strong> est une association \u00e0 but non lucratif, r\u00e9gie par la loi luxembourgeoise, proposant des \u00e9v\u00e9nements culinaires, festifs et r\u00e9cr\u00e9atifs  aux residents luxembourgeois, plus particuli\u00e8rement aux amoureux de la nourriture africaine vivant aux Luxembourg.<\/p>\n\n\n\n<p><strong>L\u2019HISTOIRE<\/strong><br>L\u2019association est n\u00e9e en octobre 2019 suite \u00e0 un repas entre amis \u00e0 l\u2019occasion duquel chaque convive a \u00e9t\u00e9 invit\u00e9 \u00e0 cuisiner une sp\u00e9cialit\u00e9 africaine. <br>Nous avons transformer ce fabuleux moment de convivialit\u00e9 en un rendez-vous annuel pour le partager avec plus de monde.<\/p>\n\n\n\n<p>Ce fut le d\u00e9but de notre aventure associative.<br><\/p>\n\n\n\n<p><strong>LE PROJET<\/strong><br>L\u2019association <strong>Little Africa<\/strong> a pour but d\u2019offrir des moments de rencontre et de partage mais aussi d\u2019\u00e9changes culturels autour de repas africains faits maison.<br>Elle a ainsi pour projet d\u2019exporter la gastronomie africaine.<br>Elle travaille dans une collaboration \u00e9troite et de confiance avec les autorit\u00e9s luxembourgeoises, ce qui assure une prise en charge s\u00e9curis\u00e9e des \u00e9v\u00e9nements  confi\u00e9s par ces structures aux membres de l\u2019\u00e9quipe <strong>Little Africa<\/strong> et permet d\u2019accueillir les nouveaux membres dans de bonnes conditions.<br><\/p>\n\n\n\n<p><strong>LES PERSPECTIVES<\/strong><br>La r\u00e9ussite et l\u2019efficacit\u00e9 de nos futurs projets n\u00e9cessitant une collaboration sur place avec les structures associatives locales et nationales, l\u2019association cherche aujourd\u2019hui \u00e0 \u00e9tablir des partenariats, en particulier avec des organisations \u0153uvrant dans le domaine de l\u2019art culinaire.<br>Gr\u00e2ce \u00e0 l\u2019investissement de ses membres, l\u2019association <strong>Little Africa<\/strong> esp\u00e8re, pour les ann\u00e9es \u00e0 venir, augmenter la fr\u00e9quence de ses \u00e9v\u00e9nements au Luxembourg et, pourquoi pas, exporter ses \u00e9v\u00e9nements dans d\u2019autres villes.<br><br><strong>LES FINANCEMENTS<\/strong><br>Les \u00e9v\u00e9nements de <strong>Little Africa<\/strong>, association  \u00e0 but non lucratif, sont financ\u00e9s par les membres eux-m\u00eames.<br>Cependant, pour assurer sa p\u00e9rennit\u00e9 sur le long terme, l\u2019association cherche des partenariats avec diverses structures qui pourraient aider aux financements des projets. Chaque membre fondateur de notre association contribue ainsi activement \u00e0 la recherche de partenaires.<\/p>\n\n\n\n<p><\/p>\n\n\n\n<p><strong>L\u2019\u00c9QUIPE<\/strong><br>Les membres du bureau ex\u00e9cutif :<\/p>\n\n\n\n<figure class=\"wp-block-image size-large\"><img loading=\"lazy\" decoding=\"async\" width=\"603\" height=\"1024\" src=\"https:\/\/littleafrica.lu\/wp-content\/uploads\/2023\/02\/5861499C-7B6D-47A2-BA74-37E687F8A4C8-603x1024.jpeg\" alt=\"\" class=\"wp-image-462\" srcset=\"https:\/\/littleafrica.lu\/wp-content\/uploads\/2023\/02\/5861499C-7B6D-47A2-BA74-37E687F8A4C8-603x1024.jpeg 603w, https:\/\/littleafrica.lu\/wp-content\/uploads\/2023\/02\/5861499C-7B6D-47A2-BA74-37E687F8A4C8-177x300.jpeg 177w, https:\/\/littleafrica.lu\/wp-content\/uploads\/2023\/02\/5861499C-7B6D-47A2-BA74-37E687F8A4C8-768x1304.jpeg 768w, https:\/\/littleafrica.lu\/wp-content\/uploads\/2023\/02\/5861499C-7B6D-47A2-BA74-37E687F8A4C8-905x1536.jpeg 905w, https:\/\/littleafrica.lu\/wp-content\/uploads\/2023\/02\/5861499C-7B6D-47A2-BA74-37E687F8A4C8-35x60.jpeg 35w, https:\/\/littleafrica.lu\/wp-content\/uploads\/2023\/02\/5861499C-7B6D-47A2-BA74-37E687F8A4C8.jpeg 983w\" sizes=\"auto, (max-width: 603px) 100vw, 603px\" \/><\/figure>\n\n\n\n<h4 class=\"wp-block-heading\">Mamadou LAKHOUNE &#8211; President<\/h4>\n\n\n\n<figure class=\"wp-block-image size-large\"><img loading=\"lazy\" decoding=\"async\" width=\"768\" height=\"1024\" src=\"https:\/\/littleafrica.lu\/wp-content\/uploads\/2023\/02\/035C66B2-D65E-40E1-9CB2-41B46A50FF40-768x1024.jpeg\" alt=\"\" class=\"wp-image-465\" srcset=\"https:\/\/littleafrica.lu\/wp-content\/uploads\/2023\/02\/035C66B2-D65E-40E1-9CB2-41B46A50FF40-768x1024.jpeg 768w, https:\/\/littleafrica.lu\/wp-content\/uploads\/2023\/02\/035C66B2-D65E-40E1-9CB2-41B46A50FF40-225x300.jpeg 225w, https:\/\/littleafrica.lu\/wp-content\/uploads\/2023\/02\/035C66B2-D65E-40E1-9CB2-41B46A50FF40-1152x1536.jpeg 1152w, https:\/\/littleafrica.lu\/wp-content\/uploads\/2023\/02\/035C66B2-D65E-40E1-9CB2-41B46A50FF40-45x60.jpeg 45w, https:\/\/littleafrica.lu\/wp-content\/uploads\/2023\/02\/035C66B2-D65E-40E1-9CB2-41B46A50FF40.jpeg 1500w\" sizes=\"auto, (max-width: 768px) 100vw, 768px\" \/><\/figure>\n\n\n\n<h4 class=\"wp-block-heading\">Francis LOPES &#8211; Vice President<\/h4>\n\n\n\n<figure class=\"wp-block-image size-large\"><img loading=\"lazy\" decoding=\"async\" width=\"768\" height=\"1024\" src=\"https:\/\/littleafrica.lu\/wp-content\/uploads\/2023\/02\/7761BBF9-F87C-49FA-974C-B0EFF57ECE0D-768x1024.jpeg\" alt=\"\" class=\"wp-image-464\" srcset=\"https:\/\/littleafrica.lu\/wp-content\/uploads\/2023\/02\/7761BBF9-F87C-49FA-974C-B0EFF57ECE0D-768x1024.jpeg 768w, https:\/\/littleafrica.lu\/wp-content\/uploads\/2023\/02\/7761BBF9-F87C-49FA-974C-B0EFF57ECE0D-225x300.jpeg 225w, https:\/\/littleafrica.lu\/wp-content\/uploads\/2023\/02\/7761BBF9-F87C-49FA-974C-B0EFF57ECE0D-1152x1536.jpeg 1152w, https:\/\/littleafrica.lu\/wp-content\/uploads\/2023\/02\/7761BBF9-F87C-49FA-974C-B0EFF57ECE0D-1536x2048.jpeg 1536w, https:\/\/littleafrica.lu\/wp-content\/uploads\/2023\/02\/7761BBF9-F87C-49FA-974C-B0EFF57ECE0D-45x60.jpeg 45w, https:\/\/littleafrica.lu\/wp-content\/uploads\/2023\/02\/7761BBF9-F87C-49FA-974C-B0EFF57ECE0D-scaled.jpeg 1920w\" sizes=\"auto, (max-width: 768px) 100vw, 768px\" \/><\/figure>\n\n\n\n<h4 class=\"wp-block-heading\">Malgorzata <strong>NATKANIEC<\/strong> &#8211; Secretaire  <\/h4>\n\n\n\n<figure class=\"wp-block-image size-large\"><img loading=\"lazy\" decoding=\"async\" width=\"768\" height=\"1024\" src=\"https:\/\/littleafrica.lu\/wp-content\/uploads\/2023\/02\/45D687C1-B8AD-437F-98E8-DE06CE57F501-768x1024.jpeg\" alt=\"\" class=\"wp-image-463\" srcset=\"https:\/\/littleafrica.lu\/wp-content\/uploads\/2023\/02\/45D687C1-B8AD-437F-98E8-DE06CE57F501-768x1024.jpeg 768w, https:\/\/littleafrica.lu\/wp-content\/uploads\/2023\/02\/45D687C1-B8AD-437F-98E8-DE06CE57F501-225x300.jpeg 225w, https:\/\/littleafrica.lu\/wp-content\/uploads\/2023\/02\/45D687C1-B8AD-437F-98E8-DE06CE57F501-1152x1536.jpeg 1152w, https:\/\/littleafrica.lu\/wp-content\/uploads\/2023\/02\/45D687C1-B8AD-437F-98E8-DE06CE57F501-45x60.jpeg 45w, https:\/\/littleafrica.lu\/wp-content\/uploads\/2023\/02\/45D687C1-B8AD-437F-98E8-DE06CE57F501.jpeg 1500w\" sizes=\"auto, (max-width: 768px) 100vw, 768px\" \/><\/figure>\n\n\n\n<h4 class=\"wp-block-heading\">Dominique Zettor &#8211; Tresoriere   <\/h4>\n","protected":false},"excerpt":{"rendered":"<p>PR\u00c9SENTATION DE L\u2019ASSOCIATIONL\u2019association Little Africa est une association \u00e0 but non lucratif, r\u00e9gie par la loi luxembourgeoise, proposant des \u00e9v\u00e9nements culinaires, festifs et r\u00e9cr\u00e9atifs aux &hellip; <\/p>\n","protected":false},"author":2,"featured_media":0,"parent":0,"menu_order":0,"comment_status":"closed","ping_status":"closed","template":"","meta":{"footnotes":""},"class_list":["post-161","page","type-page","status-publish","hentry","latest_post"],"_links":{"self":[{"href":"https:\/\/littleafrica.lu\/index.php?rest_route=\/wp\/v2\/pages\/161","targetHints":{"allow":["GET"]}}],"collection":[{"href":"https:\/\/littleafrica.lu\/index.php?rest_route=\/wp\/v2\/pages"}],"about":[{"href":"https:\/\/littleafrica.lu\/index.php?rest_route=\/wp\/v2\/types\/page"}],"author":[{"embeddable":true,"href":"https:\/\/littleafrica.lu\/index.php?rest_route=\/wp\/v2\/users\/2"}],"replies":[{"embeddable":true,"href":"https:\/\/littleafrica.lu\/index.php?rest_route=%2Fwp%2Fv2%2Fcomments&post=161"}],"version-history":[{"count":23,"href":"https:\/\/littleafrica.lu\/index.php?rest_route=\/wp\/v2\/pages\/161\/revisions"}],"predecessor-version":[{"id":557,"href":"https:\/\/littleafrica.lu\/index.php?rest_route=\/wp\/v2\/pages\/161\/revisions\/557"}],"wp:attachment":[{"href":"https:\/\/littleafrica.lu\/index.php?rest_route=%2Fwp%2Fv2%2Fmedia&parent=161"}],"curies":[{"name":"wp","href":"https:\/\/api.w.org\/{rel}","templated":true}]}}